{"id":1304,"date":"2022-01-10T10:08:08","date_gmt":"2022-01-10T09:08:08","guid":{"rendered":"https:\/\/refonte.valdoise-aventures.paris\/?page_id=1304"},"modified":"2025-04-01T18:51:32","modified_gmt":"2025-04-01T16:51:32","slug":"news-val-d-oise-adventures","status":"publish","type":"page","link":"https:\/\/valdoise-aventures.paris\/en\/news-val-d-oise-adventures\/","title":{"rendered":"Latest News &#038; Events at Val d\u2019Oise Aventures"},"content":{"rendered":"<section class=\"l-section wpb_row us_custom_4cfb87d6 height_large\"><div class=\"l-section-h i-cf\"><div class=\"g-cols vc_row via_grid cols_1 laptops-cols_inherit tablets-cols_inherit mobiles-cols_1 valign_top type_default stacking_default\"><div class=\"wpb_column vc_column_container\"><div class=\"vc_column-inner\"><div class=\"w-separator size_medium\"><\/div><div class=\"w-grid type_grid layout_130\" id=\"us_grid_1\" style=\"--gap:1.5rem;\" data-filterable=\"true\"><style>.layout_130 .w-grid-item-h{}.layout_130 .usg_post_image_1{max-width:50%!important;border-radius:30px!important}.layout_130 .usg_vwrapper_1{max-width:40%!important;padding-left:1.5rem!important}.layout_130 .usg_post_content_1{margin-bottom:50px!important}@media (min-width:1025px) and (max-width:1380px){.layout_130 .usg_post_image_1{max-width:50%!important}.layout_130 .usg_vwrapper_1{max-width:40%!important;padding-left:1.5rem!important}}@media (min-width:601px) and (max-width:1024px){.layout_130 .usg_post_image_1{max-width:100%!important;margin-bottom:1rem!important}.layout_130 .usg_vwrapper_1{max-width:100%!important;padding-left:0!important}}@media (max-width:600px){.layout_130 .usg_post_image_1{max-width:100%!important;margin-bottom:1rem!important}.layout_130 .usg_vwrapper_1{max-width:100%!important;padding-left:0!important}}<\/style><div class=\"w-grid-list\">\t<article class=\"w-grid-item size_1x1 post-1327 post type-post status-publish format-standard has-post-thumbnail hentry category-non-classifiee\" data-id=\"1327\">\r\n\t\t<div class=\"w-grid-item-h\">\r\n\t\t\t\t\t\t<div class=\"w-hwrapper usg_hwrapper_1 align_none valign_middle wrap\" style=\"--hwrapper-gap:25px\"><div class=\"w-post-elm post_image usg_post_image_1 has_ratio\"><div style=\"padding-bottom:66.6667%\"><\/div><a href=\"https:\/\/valdoise-aventures.paris\/en\/nature-et-aventure-mountain-bike-hire-in-the-heart-of-the-val-doise\/\" aria-label=\"Nature et Aventure : Mountain bike hire in the heart of the Val d&#8217;Oise\"><img loading=\"lazy\" decoding=\"async\" width=\"683\" height=\"1024\" src=\"https:\/\/valdoise-aventures.paris\/wp-content\/uploads\/2023\/01\/val-oise-ballade-velo-location-velo-2-683x1024.jpeg\" class=\"attachment-large size-large wp-post-image\" alt=\"\" srcset=\"https:\/\/valdoise-aventures.paris\/wp-content\/uploads\/2023\/01\/val-oise-ballade-velo-location-velo-2-683x1024.jpeg 683w, https:\/\/valdoise-aventures.paris\/wp-content\/uploads\/2023\/01\/val-oise-ballade-velo-location-velo-2-200x300.jpeg 200w, https:\/\/valdoise-aventures.paris\/wp-content\/uploads\/2023\/01\/val-oise-ballade-velo-location-velo-2.jpeg 720w\" sizes=\"auto, (max-width: 683px) 100vw, 683px\" \/><\/a><\/div><div class=\"w-vwrapper usg_vwrapper_1 align_none valign_middle\" style=\"--vwrapper-gap:0.8rem\"><h2 class=\"w-post-elm post_title usg_post_title_1 entry-title color_link_inherit\"><a href=\"https:\/\/valdoise-aventures.paris\/en\/nature-et-aventure-mountain-bike-hire-in-the-heart-of-the-val-doise\/\">Nature et Aventure : Mountain bike hire in the heart of the Val d&#8217;Oise<\/a><\/h2><div class=\"w-post-elm post_content usg_post_content_1\">Welcome to the Val d&#8217;Oise, where nature and adventure meet for mountain bike enthusiasts. Discover our mountain bike rental service&hellip;<\/div><\/div><\/div>\t\t<\/div>\r\n\t<\/article>\r\n<\/div><div class=\"w-grid-preloader\">\t<div class=\"g-preloader type_1\">\r\n\t\t<div><\/div>\r\n\t<\/div>\r\n\t<\/div>\t<div class=\"w-grid-json hidden\" onclick='return {&quot;action&quot;:&quot;us_ajax_grid&quot;,&quot;ajax_url&quot;:&quot;https:\\\/\\\/valdoise-aventures.paris\\\/wp-admin\\\/admin-ajax.php&quot;,&quot;infinite_scroll&quot;:0,&quot;max_num_pages&quot;:3,&quot;pagination&quot;:&quot;none&quot;,&quot;template_vars&quot;:{&quot;columns&quot;:&quot;1&quot;,&quot;exclude_items&quot;:&quot;prev&quot;,&quot;img_size&quot;:&quot;default&quot;,&quot;ignore_items_size&quot;:0,&quot;items_layout&quot;:&quot;130&quot;,&quot;items_offset&quot;:&quot;1&quot;,&quot;load_animation&quot;:&quot;none&quot;,&quot;overriding_link&quot;:&quot;{\\&quot;url\\&quot;:\\&quot;\\&quot;}&quot;,&quot;post_id&quot;:0,&quot;query_args&quot;:{&quot;post_type&quot;:[&quot;post&quot;],&quot;post_status&quot;:[&quot;publish&quot;,&quot;acf-disabled&quot;],&quot;posts_per_page&quot;:&quot;1&quot;},&quot;orderby_query_args&quot;:{&quot;orderby&quot;:{&quot;date&quot;:&quot;DESC&quot;}},&quot;type&quot;:&quot;grid&quot;,&quot;us_grid_ajax_index&quot;:1,&quot;us_grid_filter_params&quot;:[],&quot;us_grid_index&quot;:1,&quot;_us_grid_post_type&quot;:&quot;post&quot;,&quot;page_args&quot;:[],&quot;lang&quot;:&quot;en&quot;}}'><\/div>\r\n\t<\/div><div class=\"w-separator size_large\"><\/div><div class=\"w-grid type_grid layout_140 cols_3\" id=\"us_grid_2\" style=\"--gap:12.5px;\" data-filterable=\"true\"><style>@media (max-width:1023px){#us_grid_2 .w-grid-item{width:50%}}@media (max-width:767px){#us_grid_2 .w-grid-list{margin:0}#us_grid_2 .w-grid-item{width:100%;padding:0;margin-bottom:var(--gap,0px)}}.layout_140 .w-grid-item-h{}.layout_140 .usg_post_image_1{margin-bottom:0.8rem!important;border-radius:30px!important}.layout_140 .usg_post_title_1{font-size:24px!important;margin-bottom:0.4rem!important}.layout_140 .usg_post_content_1{margin-bottom:50px!important}@media (min-width:1025px) and (max-width:1380px){.layout_140 .usg_post_image_1{margin-bottom:0.8rem!important;border-radius:30px!important}.layout_140 .usg_post_title_1{font-size:24px!important;margin-bottom:0.4rem!important}.layout_140 .usg_post_content_1{margin-bottom:50px!important}}@media (min-width:601px) and (max-width:1024px){.layout_140 .usg_post_image_1{margin-bottom:0.8rem!important;border-radius:30px!important}.layout_140 .usg_post_title_1{font-size:24px!important;margin-bottom:0.4rem!important}.layout_140 .usg_post_content_1{margin-bottom:50px!important}}@media (max-width:600px){.layout_140 .usg_post_image_1{margin-bottom:0.8rem!important;border-radius:30px!important}.layout_140 .usg_post_title_1{font-size:24px!important;margin-bottom:0.4rem!important}.layout_140 .usg_post_content_1{margin-bottom:50px!important}}<\/style><div class=\"w-grid-list\">\t<article class=\"w-grid-item size_1x1 post-1331 post type-post status-publish format-standard has-post-thumbnail hentry category-non-classifiee\" data-id=\"1331\">\r\n\t\t<div class=\"w-grid-item-h\">\r\n\t\t\t\t\t\t<div class=\"w-post-elm post_image usg_post_image_1 has_ratio\"><div style=\"padding-bottom:66.6667%\"><\/div><a href=\"https:\/\/valdoise-aventures.paris\/en\/discover-the-vexin-by-bike-unusual-bike-rides-less-than-an-hour-from-paris\/\" aria-label=\"Discover the Vexin by bike : Unusual bike rides less than an hour from Paris\"><img loading=\"lazy\" decoding=\"async\" width=\"1024\" height=\"683\" src=\"https:\/\/valdoise-aventures.paris\/wp-content\/uploads\/2023\/01\/val-oise-ballade-velo-location-velo-7-1024x683.jpg\" class=\"attachment-large size-large wp-post-image\" alt=\"\" srcset=\"https:\/\/valdoise-aventures.paris\/wp-content\/uploads\/2023\/01\/val-oise-ballade-velo-location-velo-7-1024x683.jpg 1024w, https:\/\/valdoise-aventures.paris\/wp-content\/uploads\/2023\/01\/val-oise-ballade-velo-location-velo-7-300x200.jpg 300w, https:\/\/valdoise-aventures.paris\/wp-content\/uploads\/2023\/01\/val-oise-ballade-velo-location-velo-7.jpg 1620w\" sizes=\"auto, (max-width: 1024px) 100vw, 1024px\" \/><\/a><\/div><h3 class=\"w-post-elm post_title usg_post_title_1 entry-title color_link_inherit\"><a href=\"https:\/\/valdoise-aventures.paris\/en\/discover-the-vexin-by-bike-unusual-bike-rides-less-than-an-hour-from-paris\/\">Discover the Vexin by bike : Unusual bike rides less than an hour from Paris<\/a><\/h3><div class=\"w-post-elm post_content usg_post_content_1\">Welcome to a cycling adventure in the heart of the Vexin region,&hellip;<\/div>\t\t<\/div>\r\n\t<\/article>\r\n\t<article class=\"w-grid-item size_1x1 post-1329 post type-post status-publish format-standard has-post-thumbnail hentry category-non-classifiee\" data-id=\"1329\">\r\n\t\t<div class=\"w-grid-item-h\">\r\n\t\t\t\t\t\t<div class=\"w-post-elm post_image usg_post_image_1 has_ratio\"><div style=\"padding-bottom:66.6667%\"><\/div><a href=\"https:\/\/valdoise-aventures.paris\/en\/canoeing-and-culture-sail-in-artists-footsteps-at-auvers-sur-oise\/\" aria-label=\"Canoeing and Culture: Sail in Artists&#8217; Footsteps at Auvers-sur-Oise\"><img loading=\"lazy\" decoding=\"async\" width=\"1024\" height=\"683\" src=\"https:\/\/valdoise-aventures.paris\/wp-content\/uploads\/2022\/01\/CANOE-JUIN-2018-AUV-120-1024x683.jpg\" class=\"attachment-large size-large wp-post-image\" alt=\"Balade cano\u00e9 kayak Van Gogh \u00e0 Auvers sur Oise \u00e0 30 minutes de Paris\" srcset=\"https:\/\/valdoise-aventures.paris\/wp-content\/uploads\/2022\/01\/CANOE-JUIN-2018-AUV-120-1024x683.jpg 1024w, https:\/\/valdoise-aventures.paris\/wp-content\/uploads\/2022\/01\/CANOE-JUIN-2018-AUV-120-300x200.jpg 300w, https:\/\/valdoise-aventures.paris\/wp-content\/uploads\/2022\/01\/CANOE-JUIN-2018-AUV-120.jpg 1620w\" sizes=\"auto, (max-width: 1024px) 100vw, 1024px\" \/><\/a><\/div><h3 class=\"w-post-elm post_title usg_post_title_1 entry-title color_link_inherit\"><a href=\"https:\/\/valdoise-aventures.paris\/en\/canoeing-and-culture-sail-in-artists-footsteps-at-auvers-sur-oise\/\">Canoeing and Culture: Sail in Artists&#8217; Footsteps at Auvers-sur-Oise<\/a><\/h3><div class=\"w-post-elm post_content usg_post_content_1\">Welcome to Auvers-sur-Oise, an artistic gem nestled in the heart of the&hellip;<\/div>\t\t<\/div>\r\n\t<\/article>\r\n<\/div><div class=\"w-grid-preloader\">\t<div class=\"g-preloader type_1\">\r\n\t\t<div><\/div>\r\n\t<\/div>\r\n\t<\/div>\t<div class=\"w-grid-json hidden\" onclick='return {&quot;action&quot;:&quot;us_ajax_grid&quot;,&quot;ajax_url&quot;:&quot;https:\\\/\\\/valdoise-aventures.paris\\\/wp-admin\\\/admin-ajax.php&quot;,&quot;infinite_scroll&quot;:0,&quot;max_num_pages&quot;:1,&quot;pagination&quot;:&quot;none&quot;,&quot;template_vars&quot;:{&quot;columns&quot;:&quot;3&quot;,&quot;exclude_items&quot;:&quot;prev&quot;,&quot;img_size&quot;:&quot;default&quot;,&quot;ignore_items_size&quot;:0,&quot;items_layout&quot;:&quot;140&quot;,&quot;items_offset&quot;:&quot;1&quot;,&quot;load_animation&quot;:&quot;none&quot;,&quot;overriding_link&quot;:&quot;{\\&quot;url\\&quot;:\\&quot;\\&quot;}&quot;,&quot;post_id&quot;:0,&quot;query_args&quot;:{&quot;post_type&quot;:[&quot;post&quot;],&quot;post_status&quot;:[&quot;publish&quot;,&quot;acf-disabled&quot;],&quot;post__not_in&quot;:[1327],&quot;posts_per_page&quot;:&quot;10&quot;},&quot;orderby_query_args&quot;:{&quot;orderby&quot;:{&quot;date&quot;:&quot;ASC&quot;}},&quot;type&quot;:&quot;grid&quot;,&quot;us_grid_ajax_index&quot;:2,&quot;us_grid_filter_params&quot;:[],&quot;us_grid_index&quot;:2,&quot;_us_grid_post_type&quot;:&quot;post&quot;,&quot;page_args&quot;:[],&quot;lang&quot;:&quot;en&quot;}}'><\/div>\r\n\t<\/div><\/div><\/div><\/div><\/div><\/section>\n","protected":false},"excerpt":{"rendered":"Welcome to Auvers-sur-Oise, an artistic gem nestled in the heart of the Val d'Oise. This charming town, immortalized by the brushes of Vincent Van Gogh, offers much more than just a stroll along the river. Embark on a unique adventure where canoeing and kayaking blend harmoniously with the region's cultural history. Explore the Oise Valley...","protected":false},"author":1,"featured_media":0,"parent":0,"menu_order":0,"comment_status":"closed","ping_status":"closed","template":"","meta":{"_acf_changed":false,"footnotes":""},"class_list":["post-1304","page","type-page","status-publish","hentry"],"acf":[],"yoast_head":"<!-- This site is optimized with the Yoast SEO Premium plugin v24.8 (Yoast SEO v26.5) - https:\/\/yoast.com\/wordpress\/plugins\/seo\/ -->\n<title>News &amp; Updates | Val d\u2019Oise Aventures Outdoor Activities<\/title>\n<meta name=\"description\" content=\"Stay updated with the latest news, events, and special offers from Val d\u2019Oise Aventures. Discover more about our canoe trips, bike rides, and team building activities!\" \/>\n<meta name=\"robots\" content=\"index, follow, max-snippet:-1, max-image-preview:large, max-video-preview:-1\" \/>\n<link rel=\"canonical\" href=\"https:\/\/valdoise-aventures.paris\/en\/news-val-d-oise-adventures\/\" \/>\n<meta property=\"og:locale\" content=\"en_US\" \/>\n<meta property=\"og:type\" content=\"article\" \/>\n<meta property=\"og:title\" content=\"Latest News &amp; Events at Val d\u2019Oise Aventures\" \/>\n<meta property=\"og:description\" content=\"Stay updated with the latest news, events, and special offers from Val d\u2019Oise Aventures. Discover more about our canoe trips, bike rides, and team building activities!\" \/>\n<meta property=\"og:url\" content=\"https:\/\/valdoise-aventures.paris\/en\/news-val-d-oise-adventures\/\" \/>\n<meta property=\"og:site_name\" content=\"Val d&#039;Oise Aventures.Paris\" \/>\n<meta property=\"article:publisher\" content=\"https:\/\/www.facebook.com\/valdoiseaventures.paris\/\" \/>\n<meta property=\"article:modified_time\" content=\"2025-04-01T16:51:32+00:00\" \/>\n<meta name=\"twitter:card\" content=\"summary_large_image\" \/>\n<meta name=\"twitter:label1\" content=\"Est. reading time\" \/>\n\t<meta name=\"twitter:data1\" content=\"1 minute\" \/>\n<script type=\"application\/ld+json\" class=\"yoast-schema-graph\">{\"@context\":\"https:\/\/schema.org\",\"@graph\":[{\"@type\":\"WebPage\",\"@id\":\"https:\/\/valdoise-aventures.paris\/en\/news-val-d-oise-adventures\/\",\"url\":\"https:\/\/valdoise-aventures.paris\/en\/news-val-d-oise-adventures\/\",\"name\":\"News & Updates | Val d\u2019Oise Aventures Outdoor Activities\",\"isPartOf\":{\"@id\":\"https:\/\/valdoise-aventures.paris\/en\/#website\"},\"datePublished\":\"2022-01-10T09:08:08+00:00\",\"dateModified\":\"2025-04-01T16:51:32+00:00\",\"description\":\"Stay updated with the latest news, events, and special offers from Val d\u2019Oise Aventures. Discover more about our canoe trips, bike rides, and team building activities!\",\"breadcrumb\":{\"@id\":\"https:\/\/valdoise-aventures.paris\/en\/news-val-d-oise-adventures\/#breadcrumb\"},\"inLanguage\":\"en-US\",\"potentialAction\":[{\"@type\":\"ReadAction\",\"target\":[\"https:\/\/valdoise-aventures.paris\/en\/news-val-d-oise-adventures\/\"]}]},{\"@type\":\"BreadcrumbList\",\"@id\":\"https:\/\/valdoise-aventures.paris\/en\/news-val-d-oise-adventures\/#breadcrumb\",\"itemListElement\":[{\"@type\":\"ListItem\",\"position\":1,\"name\":\"Home\",\"item\":\"https:\/\/valdoise-aventures.paris\/en\/\"},{\"@type\":\"ListItem\",\"position\":2,\"name\":\"Latest News &#038; Events at Val d\u2019Oise Aventures\"}]},{\"@type\":\"WebSite\",\"@id\":\"https:\/\/valdoise-aventures.paris\/en\/#website\",\"url\":\"https:\/\/valdoise-aventures.paris\/en\/\",\"name\":\"Val d'Oise Aventures.Paris\",\"description\":\"\",\"publisher\":{\"@id\":\"https:\/\/valdoise-aventures.paris\/en\/#organization\"},\"potentialAction\":[{\"@type\":\"SearchAction\",\"target\":{\"@type\":\"EntryPoint\",\"urlTemplate\":\"https:\/\/valdoise-aventures.paris\/en\/?s={search_term_string}\"},\"query-input\":{\"@type\":\"PropertyValueSpecification\",\"valueRequired\":true,\"valueName\":\"search_term_string\"}}],\"inLanguage\":\"en-US\"},{\"@type\":\"Organization\",\"@id\":\"https:\/\/valdoise-aventures.paris\/en\/#organization\",\"name\":\"Val d'Oise Aventures.Paris\",\"url\":\"https:\/\/valdoise-aventures.paris\/en\/\",\"logo\":{\"@type\":\"ImageObject\",\"inLanguage\":\"en-US\",\"@id\":\"https:\/\/valdoise-aventures.paris\/en\/#\/schema\/logo\/image\/\",\"url\":\"https:\/\/valdoise-aventures.paris\/wp-content\/uploads\/2023\/12\/logo-val-oise-aventures.png\",\"contentUrl\":\"https:\/\/valdoise-aventures.paris\/wp-content\/uploads\/2023\/12\/logo-val-oise-aventures.png\",\"width\":249,\"height\":249,\"caption\":\"Val d'Oise Aventures.Paris\"},\"image\":{\"@id\":\"https:\/\/valdoise-aventures.paris\/en\/#\/schema\/logo\/image\/\"},\"sameAs\":[\"https:\/\/www.facebook.com\/valdoiseaventures.paris\/\",\"https:\/\/www.youtube.com\/channel\/UCI_H71RDBm5fnyyPmDpYgNg\"]}]}<\/script>\n<!-- \/ Yoast SEO Premium plugin. -->","yoast_head_json":{"title":"News & Updates | Val d\u2019Oise Aventures Outdoor Activities","description":"Stay updated with the latest news, events, and special offers from Val d\u2019Oise Aventures. Discover more about our canoe trips, bike rides, and team building activities!","robots":{"index":"index","follow":"follow","max-snippet":"max-snippet:-1","max-image-preview":"max-image-preview:large","max-video-preview":"max-video-preview:-1"},"canonical":"https:\/\/valdoise-aventures.paris\/en\/news-val-d-oise-adventures\/","og_locale":"en_US","og_type":"article","og_title":"Latest News & Events at Val d\u2019Oise Aventures","og_description":"Stay updated with the latest news, events, and special offers from Val d\u2019Oise Aventures. Discover more about our canoe trips, bike rides, and team building activities!","og_url":"https:\/\/valdoise-aventures.paris\/en\/news-val-d-oise-adventures\/","og_site_name":"Val d&#039;Oise Aventures.Paris","article_publisher":"https:\/\/www.facebook.com\/valdoiseaventures.paris\/","article_modified_time":"2025-04-01T16:51:32+00:00","twitter_card":"summary_large_image","twitter_misc":{"Est. reading time":"1 minute"},"schema":{"@context":"https:\/\/schema.org","@graph":[{"@type":"WebPage","@id":"https:\/\/valdoise-aventures.paris\/en\/news-val-d-oise-adventures\/","url":"https:\/\/valdoise-aventures.paris\/en\/news-val-d-oise-adventures\/","name":"News & Updates | Val d\u2019Oise Aventures Outdoor Activities","isPartOf":{"@id":"https:\/\/valdoise-aventures.paris\/en\/#website"},"datePublished":"2022-01-10T09:08:08+00:00","dateModified":"2025-04-01T16:51:32+00:00","description":"Stay updated with the latest news, events, and special offers from Val d\u2019Oise Aventures. Discover more about our canoe trips, bike rides, and team building activities!","breadcrumb":{"@id":"https:\/\/valdoise-aventures.paris\/en\/news-val-d-oise-adventures\/#breadcrumb"},"inLanguage":"en-US","potentialAction":[{"@type":"ReadAction","target":["https:\/\/valdoise-aventures.paris\/en\/news-val-d-oise-adventures\/"]}]},{"@type":"BreadcrumbList","@id":"https:\/\/valdoise-aventures.paris\/en\/news-val-d-oise-adventures\/#breadcrumb","itemListElement":[{"@type":"ListItem","position":1,"name":"Home","item":"https:\/\/valdoise-aventures.paris\/en\/"},{"@type":"ListItem","position":2,"name":"Latest News &#038; Events at Val d\u2019Oise Aventures"}]},{"@type":"WebSite","@id":"https:\/\/valdoise-aventures.paris\/en\/#website","url":"https:\/\/valdoise-aventures.paris\/en\/","name":"Val d'Oise Aventures.Paris","description":"","publisher":{"@id":"https:\/\/valdoise-aventures.paris\/en\/#organization"},"potentialAction":[{"@type":"SearchAction","target":{"@type":"EntryPoint","urlTemplate":"https:\/\/valdoise-aventures.paris\/en\/?s={search_term_string}"},"query-input":{"@type":"PropertyValueSpecification","valueRequired":true,"valueName":"search_term_string"}}],"inLanguage":"en-US"},{"@type":"Organization","@id":"https:\/\/valdoise-aventures.paris\/en\/#organization","name":"Val d'Oise Aventures.Paris","url":"https:\/\/valdoise-aventures.paris\/en\/","logo":{"@type":"ImageObject","inLanguage":"en-US","@id":"https:\/\/valdoise-aventures.paris\/en\/#\/schema\/logo\/image\/","url":"https:\/\/valdoise-aventures.paris\/wp-content\/uploads\/2023\/12\/logo-val-oise-aventures.png","contentUrl":"https:\/\/valdoise-aventures.paris\/wp-content\/uploads\/2023\/12\/logo-val-oise-aventures.png","width":249,"height":249,"caption":"Val d'Oise Aventures.Paris"},"image":{"@id":"https:\/\/valdoise-aventures.paris\/en\/#\/schema\/logo\/image\/"},"sameAs":["https:\/\/www.facebook.com\/valdoiseaventures.paris\/","https:\/\/www.youtube.com\/channel\/UCI_H71RDBm5fnyyPmDpYgNg"]}]}},"_links":{"self":[{"href":"https:\/\/valdoise-aventures.paris\/en\/wp-json\/wp\/v2\/pages\/1304","targetHints":{"allow":["GET"]}}],"collection":[{"href":"https:\/\/valdoise-aventures.paris\/en\/wp-json\/wp\/v2\/pages"}],"about":[{"href":"https:\/\/valdoise-aventures.paris\/en\/wp-json\/wp\/v2\/types\/page"}],"author":[{"embeddable":true,"href":"https:\/\/valdoise-aventures.paris\/en\/wp-json\/wp\/v2\/users\/1"}],"replies":[{"embeddable":true,"href":"https:\/\/valdoise-aventures.paris\/en\/wp-json\/wp\/v2\/comments?post=1304"}],"version-history":[{"count":2,"href":"https:\/\/valdoise-aventures.paris\/en\/wp-json\/wp\/v2\/pages\/1304\/revisions"}],"predecessor-version":[{"id":1947,"href":"https:\/\/valdoise-aventures.paris\/en\/wp-json\/wp\/v2\/pages\/1304\/revisions\/1947"}],"wp:attachment":[{"href":"https:\/\/valdoise-aventures.paris\/en\/wp-json\/wp\/v2\/media?parent=1304"}],"curies":[{"name":"wp","href":"https:\/\/api.w.org\/{rel}","templated":true}]}}